{"id":90,"date":"2023-04-24T14:40:08","date_gmt":"2023-04-24T14:40:08","guid":{"rendered":"https:\/\/hib.cl\/Inicio\/?page_id=90"},"modified":"2023-04-24T18:44:24","modified_gmt":"2023-04-24T18:44:24","slug":"experiencia","status":"publish","type":"page","link":"https:\/\/hib.cl\/Inicio\/experiencia\/","title":{"rendered":"Experiencia"},"content":{"rendered":"\n<p>Nuestra empresa, cuenta ya con m\u00e1s de 25 a\u00f1os de experiencia en el rubro, contados los a\u00f1os del socio principal.<br>Tambi\u00e9n debemos mencionar la vasta experiencia en INSTRUMENTACI\u00d3N Y AUTOMATIZACI\u00d3N DE PROCESOS.<br>Se comienza a gestionar directamente con el cliente el proceso normal de ventas a las grandes empresas<br>mineras y algunas constructoras de nuestro pa\u00eds, entre las cuales se destacan:<\/p>\n\n\n\n<ul class=\"wp-block-list\">\n<li>Compa\u00f1\u00eda Minera Do\u00f1a Ines de Collahuasi<\/li>\n\n\n\n<li>Corporaci\u00f3n Nacional del Cobre de Chile (Codelco) en todas sus divisiones,<\/li>\n\n\n\n<li>Compa\u00f1\u00eda Contractual Minera Candelaria,<\/li>\n\n\n\n<li>Sociedad Contractual Minera El Abra,<\/li>\n\n\n\n<li>Compa\u00f1\u00eda Minera Maricunga,<\/li>\n\n\n\n<li>Minera Los Pelambres,<\/li>\n\n\n\n<li>Compa\u00f1\u00eda Contractual Minera Ojos del Salado,<\/li>\n\n\n\n<li>Compa\u00f1\u00eda Minera Teck Carmen de Andacollo,<\/li>\n\n\n\n<li>Alimentos Nestl\u00e9 Chile S.A.<\/li>\n\n\n\n<li>Empresa Constructora Moller y P\u00e9rez Cotapos S.A.<\/li>\n\n\n\n<li>Plantas de Cemento<\/li>\n\n\n\n<li>Plantas de Celulosa<\/li>\n<\/ul>\n\n\n\n<p>Con los a\u00f1os de experiencia adquiridos, se detect\u00f3 la real necesidad del cliente de una atenci\u00f3n t\u00e9cnica y<br>profesionalmente personalizada, dando as\u00ed soluciones concretas a los diferentes problemas con que nos<br>encontramos d\u00eda a d\u00eda en terreno.<br>Debido al conocimiento en el tema de v\u00e1lvulas y controles, hemos inclinado nuestra visi\u00f3n de negocio tanto hacia la<br>venta de equipos nuevos, como a la reparaci\u00f3n y recuperaci\u00f3n de v\u00e1lvulas y actuadores (ya sean estos<br>neum\u00e1ticos, hidr\u00e1ulicos, el\u00e9ctricos o manuales).<\/p>\n\n\n\n<figure class=\"wp-block-gallery has-nested-images columns-default is-cropped wp-block-gallery-1 is-layout-flex wp-block-gallery-is-layout-flex\">\n<figure class=\"wp-block-image size-large\"><img loading=\"lazy\" decoding=\"async\" width=\"1024\" height=\"768\" data-id=\"131\" src=\"https:\/\/hib.cl\/Inicio\/wp-content\/uploads\/2023\/04\/IMAG0038-1024x768.jpg\" alt=\"\" class=\"wp-image-131\" srcset=\"https:\/\/hib.cl\/Inicio\/wp-content\/uploads\/2023\/04\/IMAG0038-1024x768.jpg 1024w, https:\/\/hib.cl\/Inicio\/wp-content\/uploads\/2023\/04\/IMAG0038-300x225.jpg 300w, https:\/\/hib.cl\/Inicio\/wp-content\/uploads\/2023\/04\/IMAG0038-768x576.jpg 768w, https:\/\/hib.cl\/Inicio\/wp-content\/uploads\/2023\/04\/IMAG0038.jpg 1132w\" sizes=\"auto, (max-width: 1024px) 100vw, 1024px\" \/><\/figure>\n\n\n\n<figure class=\"wp-block-image size-large\"><img loading=\"lazy\" decoding=\"async\" width=\"1024\" height=\"768\" data-id=\"133\" src=\"https:\/\/hib.cl\/Inicio\/wp-content\/uploads\/2023\/04\/Neotecha-en-Maricunga-1024x768.jpg\" alt=\"\" class=\"wp-image-133\" srcset=\"https:\/\/hib.cl\/Inicio\/wp-content\/uploads\/2023\/04\/Neotecha-en-Maricunga-1024x768.jpg 1024w, https:\/\/hib.cl\/Inicio\/wp-content\/uploads\/2023\/04\/Neotecha-en-Maricunga-300x225.jpg 300w, https:\/\/hib.cl\/Inicio\/wp-content\/uploads\/2023\/04\/Neotecha-en-Maricunga-768x576.jpg 768w, https:\/\/hib.cl\/Inicio\/wp-content\/uploads\/2023\/04\/Neotecha-en-Maricunga.jpg 1132w\" sizes=\"auto, (max-width: 1024px) 100vw, 1024px\" \/><\/figure>\n\n\n\n<figure class=\"wp-block-image size-large\"><img loading=\"lazy\" decoding=\"async\" width=\"1024\" height=\"461\" data-id=\"135\" src=\"https:\/\/hib.cl\/Inicio\/wp-content\/uploads\/2023\/04\/y4m-GjsxgmDmJIDaw146XmPSuQ5ZBNaYM1OCIUyQ34RFks1XEua37zrw7qae2S_argOc1XalCaxf45kMIe1hDKuitVgzwzAQA_dGpSzwmIaphb_0AB6F2IRVBAdXhM0DRT4QtcJIvpwhfBDP8ymSYybxkikMEvMZ-J2w5Vq0BS-YpALc_y5QL8AoeM8NhqiI68D-1024x461.jpeg\" alt=\"\" class=\"wp-image-135\" srcset=\"https:\/\/hib.cl\/Inicio\/wp-content\/uploads\/2023\/04\/y4m-GjsxgmDmJIDaw146XmPSuQ5ZBNaYM1OCIUyQ34RFks1XEua37zrw7qae2S_argOc1XalCaxf45kMIe1hDKuitVgzwzAQA_dGpSzwmIaphb_0AB6F2IRVBAdXhM0DRT4QtcJIvpwhfBDP8ymSYybxkikMEvMZ-J2w5Vq0BS-YpALc_y5QL8AoeM8NhqiI68D-1024x461.jpeg 1024w, https:\/\/hib.cl\/Inicio\/wp-content\/uploads\/2023\/04\/y4m-GjsxgmDmJIDaw146XmPSuQ5ZBNaYM1OCIUyQ34RFks1XEua37zrw7qae2S_argOc1XalCaxf45kMIe1hDKuitVgzwzAQA_dGpSzwmIaphb_0AB6F2IRVBAdXhM0DRT4QtcJIvpwhfBDP8ymSYybxkikMEvMZ-J2w5Vq0BS-YpALc_y5QL8AoeM8NhqiI68D-300x135.jpeg 300w, https:\/\/hib.cl\/Inicio\/wp-content\/uploads\/2023\/04\/y4m-GjsxgmDmJIDaw146XmPSuQ5ZBNaYM1OCIUyQ34RFks1XEua37zrw7qae2S_argOc1XalCaxf45kMIe1hDKuitVgzwzAQA_dGpSzwmIaphb_0AB6F2IRVBAdXhM0DRT4QtcJIvpwhfBDP8ymSYybxkikMEvMZ-J2w5Vq0BS-YpALc_y5QL8AoeM8NhqiI68D-768x346.jpeg 768w, https:\/\/hib.cl\/Inicio\/wp-content\/uploads\/2023\/04\/y4m-GjsxgmDmJIDaw146XmPSuQ5ZBNaYM1OCIUyQ34RFks1XEua37zrw7qae2S_argOc1XalCaxf45kMIe1hDKuitVgzwzAQA_dGpSzwmIaphb_0AB6F2IRVBAdXhM0DRT4QtcJIvpwhfBDP8ymSYybxkikMEvMZ-J2w5Vq0BS-YpALc_y5QL8AoeM8NhqiI68D-1536x691.jpeg 1536w, https:\/\/hib.cl\/Inicio\/wp-content\/uploads\/2023\/04\/y4m-GjsxgmDmJIDaw146XmPSuQ5ZBNaYM1OCIUyQ34RFks1XEua37zrw7qae2S_argOc1XalCaxf45kMIe1hDKuitVgzwzAQA_dGpSzwmIaphb_0AB6F2IRVBAdXhM0DRT4QtcJIvpwhfBDP8ymSYybxkikMEvMZ-J2w5Vq0BS-YpALc_y5QL8AoeM8NhqiI68D.jpeg 1540w\" sizes=\"auto, (max-width: 1024px) 100vw, 1024px\" \/><\/figure>\n\n\n\n<figure class=\"wp-block-image size-large\"><img loading=\"lazy\" decoding=\"async\" width=\"1024\" height=\"768\" data-id=\"134\" src=\"https:\/\/hib.cl\/Inicio\/wp-content\/uploads\/2023\/04\/y4mScpDyoGKiSUeSyJOgngf-8iHKDNKbYvc2GUkvkfYXyGBAAwzh_oXO3e9FjzaqSTWDEh-a8CCbN11SWgyoxom65dPGWl972RFV0GplkJOjtu1ShbmS2BktHQuuS4qoQ0W-nqoI1urhqtBDTJQErr7LUifUp8rIlvKHFIqFSq1j2V6I5VmBKMpd1WHpKQvX-fU-1024x768.jpeg\" alt=\"\" class=\"wp-image-134\" srcset=\"https:\/\/hib.cl\/Inicio\/wp-content\/uploads\/2023\/04\/y4mScpDyoGKiSUeSyJOgngf-8iHKDNKbYvc2GUkvkfYXyGBAAwzh_oXO3e9FjzaqSTWDEh-a8CCbN11SWgyoxom65dPGWl972RFV0GplkJOjtu1ShbmS2BktHQuuS4qoQ0W-nqoI1urhqtBDTJQErr7LUifUp8rIlvKHFIqFSq1j2V6I5VmBKMpd1WHpKQvX-fU-1024x768.jpeg 1024w, https:\/\/hib.cl\/Inicio\/wp-content\/uploads\/2023\/04\/y4mScpDyoGKiSUeSyJOgngf-8iHKDNKbYvc2GUkvkfYXyGBAAwzh_oXO3e9FjzaqSTWDEh-a8CCbN11SWgyoxom65dPGWl972RFV0GplkJOjtu1ShbmS2BktHQuuS4qoQ0W-nqoI1urhqtBDTJQErr7LUifUp8rIlvKHFIqFSq1j2V6I5VmBKMpd1WHpKQvX-fU-300x225.jpeg 300w, https:\/\/hib.cl\/Inicio\/wp-content\/uploads\/2023\/04\/y4mScpDyoGKiSUeSyJOgngf-8iHKDNKbYvc2GUkvkfYXyGBAAwzh_oXO3e9FjzaqSTWDEh-a8CCbN11SWgyoxom65dPGWl972RFV0GplkJOjtu1ShbmS2BktHQuuS4qoQ0W-nqoI1urhqtBDTJQErr7LUifUp8rIlvKHFIqFSq1j2V6I5VmBKMpd1WHpKQvX-fU-768x576.jpeg 768w, https:\/\/hib.cl\/Inicio\/wp-content\/uploads\/2023\/04\/y4mScpDyoGKiSUeSyJOgngf-8iHKDNKbYvc2GUkvkfYXyGBAAwzh_oXO3e9FjzaqSTWDEh-a8CCbN11SWgyoxom65dPGWl972RFV0GplkJOjtu1ShbmS2BktHQuuS4qoQ0W-nqoI1urhqtBDTJQErr7LUifUp8rIlvKHFIqFSq1j2V6I5VmBKMpd1WHpKQvX-fU.jpeg 1132w\" sizes=\"auto, (max-width: 1024px) 100vw, 1024px\" \/><\/figure>\n\n\n\n<figure class=\"wp-block-image size-large\"><img loading=\"lazy\" decoding=\"async\" width=\"1024\" height=\"461\" data-id=\"132\" src=\"https:\/\/hib.cl\/Inicio\/wp-content\/uploads\/2023\/04\/y4mxlX4mIKqHTSqdT90nQvmqUN2N9NXXcOj4VHuK7AsluPZQBcBkIfV9rqzzafKTqWjcj2Q66Sgc9zj9Oa4YBZdiVIsEyHfBwoiXvGta477-okZCh2MWpIZzsejn0qbn2K6KhRB4FTyjBxzfpv4hgXh2qAKhPXfOVrJi0WqiXWxVK8CE05c5lMLobmEi5Ohag_6-1024x461.jpeg\" alt=\"\" class=\"wp-image-132\" srcset=\"https:\/\/hib.cl\/Inicio\/wp-content\/uploads\/2023\/04\/y4mxlX4mIKqHTSqdT90nQvmqUN2N9NXXcOj4VHuK7AsluPZQBcBkIfV9rqzzafKTqWjcj2Q66Sgc9zj9Oa4YBZdiVIsEyHfBwoiXvGta477-okZCh2MWpIZzsejn0qbn2K6KhRB4FTyjBxzfpv4hgXh2qAKhPXfOVrJi0WqiXWxVK8CE05c5lMLobmEi5Ohag_6-1024x461.jpeg 1024w, https:\/\/hib.cl\/Inicio\/wp-content\/uploads\/2023\/04\/y4mxlX4mIKqHTSqdT90nQvmqUN2N9NXXcOj4VHuK7AsluPZQBcBkIfV9rqzzafKTqWjcj2Q66Sgc9zj9Oa4YBZdiVIsEyHfBwoiXvGta477-okZCh2MWpIZzsejn0qbn2K6KhRB4FTyjBxzfpv4hgXh2qAKhPXfOVrJi0WqiXWxVK8CE05c5lMLobmEi5Ohag_6-300x135.jpeg 300w, https:\/\/hib.cl\/Inicio\/wp-content\/uploads\/2023\/04\/y4mxlX4mIKqHTSqdT90nQvmqUN2N9NXXcOj4VHuK7AsluPZQBcBkIfV9rqzzafKTqWjcj2Q66Sgc9zj9Oa4YBZdiVIsEyHfBwoiXvGta477-okZCh2MWpIZzsejn0qbn2K6KhRB4FTyjBxzfpv4hgXh2qAKhPXfOVrJi0WqiXWxVK8CE05c5lMLobmEi5Ohag_6-768x346.jpeg 768w, https:\/\/hib.cl\/Inicio\/wp-content\/uploads\/2023\/04\/y4mxlX4mIKqHTSqdT90nQvmqUN2N9NXXcOj4VHuK7AsluPZQBcBkIfV9rqzzafKTqWjcj2Q66Sgc9zj9Oa4YBZdiVIsEyHfBwoiXvGta477-okZCh2MWpIZzsejn0qbn2K6KhRB4FTyjBxzfpv4hgXh2qAKhPXfOVrJi0WqiXWxVK8CE05c5lMLobmEi5Ohag_6-1536x691.jpeg 1536w, https:\/\/hib.cl\/Inicio\/wp-content\/uploads\/2023\/04\/y4mxlX4mIKqHTSqdT90nQvmqUN2N9NXXcOj4VHuK7AsluPZQBcBkIfV9rqzzafKTqWjcj2Q66Sgc9zj9Oa4YBZdiVIsEyHfBwoiXvGta477-okZCh2MWpIZzsejn0qbn2K6KhRB4FTyjBxzfpv4hgXh2qAKhPXfOVrJi0WqiXWxVK8CE05c5lMLobmEi5Ohag_6.jpeg 1538w\" sizes=\"auto, (max-width: 1024px) 100vw, 1024px\" \/><\/figure>\n<\/figure>\n","protected":false},"excerpt":{"rendered":"<p>Nuestra empresa, cuenta ya con m\u00e1s de 25 a\u00f1os de experiencia en el rubro, contados los a\u00f1os del socio principal.Tambi\u00e9n debemos mencionar la vasta experiencia en INSTRUMENTACI\u00d3N Y AUTOMATIZACI\u00d3N DE PROCESOS.Se comienza a gestionar directamente con el cliente el proceso normal de ventas a las grandes empresasmineras y algunas constructoras de nuestro pa\u00eds, entre las [&hellip;]<\/p>\n","protected":false},"author":1,"featured_media":0,"parent":0,"menu_order":0,"comment_status":"closed","ping_status":"closed","template":"","meta":{"footnotes":""},"class_list":["post-90","page","type-page","status-publish","hentry"],"yoast_head":"<!-- This site is optimized with the Yoast SEO plugin v23.4 - https:\/\/yoast.com\/wordpress\/plugins\/seo\/ -->\n<title>Experiencia - HIB<\/title>\n<meta name=\"robots\" content=\"index, follow, max-snippet:-1, max-image-preview:large, max-video-preview:-1\" \/>\n<link rel=\"canonical\" href=\"https:\/\/hib.cl\/Inicio\/experiencia\/\" \/>\n<meta property=\"og:locale\" content=\"es_ES\" \/>\n<meta property=\"og:type\" content=\"article\" \/>\n<meta property=\"og:title\" content=\"Experiencia - HIB\" \/>\n<meta property=\"og:description\" content=\"Nuestra empresa, cuenta ya con m\u00e1s de 25 a\u00f1os de experiencia en el rubro, contados los a\u00f1os del socio principal.Tambi\u00e9n debemos mencionar la vasta experiencia en INSTRUMENTACI\u00d3N Y AUTOMATIZACI\u00d3N DE PROCESOS.Se comienza a gestionar directamente con el cliente el proceso normal de ventas a las grandes empresasmineras y algunas constructoras de nuestro pa\u00eds, entre las [&hellip;]\" \/>\n<meta property=\"og:url\" content=\"https:\/\/hib.cl\/Inicio\/experiencia\/\" \/>\n<meta property=\"og:site_name\" content=\"HIB\" \/>\n<meta property=\"article:modified_time\" content=\"2023-04-24T18:44:24+00:00\" \/>\n<meta property=\"og:image\" content=\"https:\/\/hib.cl\/Inicio\/wp-content\/uploads\/2023\/04\/IMAG0038-1024x768.jpg\" \/>\n<meta name=\"twitter:card\" content=\"summary_large_image\" \/>\n<meta name=\"twitter:label1\" content=\"Tiempo de lectura\" \/>\n\t<meta name=\"twitter:data1\" content=\"1 minuto\" \/>\n<script type=\"application\/ld+json\" class=\"yoast-schema-graph\">{\"@context\":\"https:\/\/schema.org\",\"@graph\":[{\"@type\":\"WebPage\",\"@id\":\"https:\/\/hib.cl\/Inicio\/experiencia\/\",\"url\":\"https:\/\/hib.cl\/Inicio\/experiencia\/\",\"name\":\"Experiencia - HIB\",\"isPartOf\":{\"@id\":\"https:\/\/hib.cl\/Inicio\/#website\"},\"primaryImageOfPage\":{\"@id\":\"https:\/\/hib.cl\/Inicio\/experiencia\/#primaryimage\"},\"image\":{\"@id\":\"https:\/\/hib.cl\/Inicio\/experiencia\/#primaryimage\"},\"thumbnailUrl\":\"https:\/\/hib.cl\/Inicio\/wp-content\/uploads\/2023\/04\/IMAG0038-1024x768.jpg\",\"datePublished\":\"2023-04-24T14:40:08+00:00\",\"dateModified\":\"2023-04-24T18:44:24+00:00\",\"breadcrumb\":{\"@id\":\"https:\/\/hib.cl\/Inicio\/experiencia\/#breadcrumb\"},\"inLanguage\":\"es\",\"potentialAction\":[{\"@type\":\"ReadAction\",\"target\":[\"https:\/\/hib.cl\/Inicio\/experiencia\/\"]}]},{\"@type\":\"ImageObject\",\"inLanguage\":\"es\",\"@id\":\"https:\/\/hib.cl\/Inicio\/experiencia\/#primaryimage\",\"url\":\"https:\/\/hib.cl\/Inicio\/wp-content\/uploads\/2023\/04\/IMAG0038.jpg\",\"contentUrl\":\"https:\/\/hib.cl\/Inicio\/wp-content\/uploads\/2023\/04\/IMAG0038.jpg\",\"width\":1132,\"height\":849},{\"@type\":\"BreadcrumbList\",\"@id\":\"https:\/\/hib.cl\/Inicio\/experiencia\/#breadcrumb\",\"itemListElement\":[{\"@type\":\"ListItem\",\"position\":1,\"name\":\"Portada\",\"item\":\"https:\/\/hib.cl\/Inicio\/\"},{\"@type\":\"ListItem\",\"position\":2,\"name\":\"Experiencia\"}]},{\"@type\":\"WebSite\",\"@id\":\"https:\/\/hib.cl\/Inicio\/#website\",\"url\":\"https:\/\/hib.cl\/Inicio\/\",\"name\":\"H.I.B. V\u00e1lvulas y Controles C\u00eda. SpA\",\"description\":\"Ingenieria - Montajes y Servicios Generales\",\"publisher\":{\"@id\":\"https:\/\/hib.cl\/Inicio\/#\/schema\/person\/c78029f613d473dcc58bbb5b55598dd4\"},\"potentialAction\":[{\"@type\":\"SearchAction\",\"target\":{\"@type\":\"EntryPoint\",\"urlTemplate\":\"https:\/\/hib.cl\/Inicio\/?s={search_term_string}\"},\"query-input\":{\"@type\":\"PropertyValueSpecification\",\"valueRequired\":true,\"valueName\":\"search_term_string\"}}],\"inLanguage\":\"es\"},{\"@type\":[\"Person\",\"Organization\"],\"@id\":\"https:\/\/hib.cl\/Inicio\/#\/schema\/person\/c78029f613d473dcc58bbb5b55598dd4\",\"name\":\"hibcl2\",\"image\":{\"@type\":\"ImageObject\",\"inLanguage\":\"es\",\"@id\":\"https:\/\/hib.cl\/Inicio\/#\/schema\/person\/image\/\",\"url\":\"https:\/\/hib.cl\/Inicio\/wp-content\/uploads\/2023\/04\/log3.png\",\"contentUrl\":\"https:\/\/hib.cl\/Inicio\/wp-content\/uploads\/2023\/04\/log3.png\",\"width\":400,\"height\":230,\"caption\":\"hibcl2\"},\"logo\":{\"@id\":\"https:\/\/hib.cl\/Inicio\/#\/schema\/person\/image\/\"},\"sameAs\":[\"https:\/\/hib.cl\/Inicio\"]}]}<\/script>\n<!-- \/ Yoast SEO plugin. -->","yoast_head_json":{"title":"Experiencia - HIB","robots":{"index":"index","follow":"follow","max-snippet":"max-snippet:-1","max-image-preview":"max-image-preview:large","max-video-preview":"max-video-preview:-1"},"canonical":"https:\/\/hib.cl\/Inicio\/experiencia\/","og_locale":"es_ES","og_type":"article","og_title":"Experiencia - HIB","og_description":"Nuestra empresa, cuenta ya con m\u00e1s de 25 a\u00f1os de experiencia en el rubro, contados los a\u00f1os del socio principal.Tambi\u00e9n debemos mencionar la vasta experiencia en INSTRUMENTACI\u00d3N Y AUTOMATIZACI\u00d3N DE PROCESOS.Se comienza a gestionar directamente con el cliente el proceso normal de ventas a las grandes empresasmineras y algunas constructoras de nuestro pa\u00eds, entre las [&hellip;]","og_url":"https:\/\/hib.cl\/Inicio\/experiencia\/","og_site_name":"HIB","article_modified_time":"2023-04-24T18:44:24+00:00","og_image":[{"url":"https:\/\/hib.cl\/Inicio\/wp-content\/uploads\/2023\/04\/IMAG0038-1024x768.jpg"}],"twitter_card":"summary_large_image","twitter_misc":{"Tiempo de lectura":"1 minuto"},"schema":{"@context":"https:\/\/schema.org","@graph":[{"@type":"WebPage","@id":"https:\/\/hib.cl\/Inicio\/experiencia\/","url":"https:\/\/hib.cl\/Inicio\/experiencia\/","name":"Experiencia - HIB","isPartOf":{"@id":"https:\/\/hib.cl\/Inicio\/#website"},"primaryImageOfPage":{"@id":"https:\/\/hib.cl\/Inicio\/experiencia\/#primaryimage"},"image":{"@id":"https:\/\/hib.cl\/Inicio\/experiencia\/#primaryimage"},"thumbnailUrl":"https:\/\/hib.cl\/Inicio\/wp-content\/uploads\/2023\/04\/IMAG0038-1024x768.jpg","datePublished":"2023-04-24T14:40:08+00:00","dateModified":"2023-04-24T18:44:24+00:00","breadcrumb":{"@id":"https:\/\/hib.cl\/Inicio\/experiencia\/#breadcrumb"},"inLanguage":"es","potentialAction":[{"@type":"ReadAction","target":["https:\/\/hib.cl\/Inicio\/experiencia\/"]}]},{"@type":"ImageObject","inLanguage":"es","@id":"https:\/\/hib.cl\/Inicio\/experiencia\/#primaryimage","url":"https:\/\/hib.cl\/Inicio\/wp-content\/uploads\/2023\/04\/IMAG0038.jpg","contentUrl":"https:\/\/hib.cl\/Inicio\/wp-content\/uploads\/2023\/04\/IMAG0038.jpg","width":1132,"height":849},{"@type":"BreadcrumbList","@id":"https:\/\/hib.cl\/Inicio\/experiencia\/#breadcrumb","itemListElement":[{"@type":"ListItem","position":1,"name":"Portada","item":"https:\/\/hib.cl\/Inicio\/"},{"@type":"ListItem","position":2,"name":"Experiencia"}]},{"@type":"WebSite","@id":"https:\/\/hib.cl\/Inicio\/#website","url":"https:\/\/hib.cl\/Inicio\/","name":"H.I.B. V\u00e1lvulas y Controles C\u00eda. SpA","description":"Ingenieria - Montajes y Servicios Generales","publisher":{"@id":"https:\/\/hib.cl\/Inicio\/#\/schema\/person\/c78029f613d473dcc58bbb5b55598dd4"},"potentialAction":[{"@type":"SearchAction","target":{"@type":"EntryPoint","urlTemplate":"https:\/\/hib.cl\/Inicio\/?s={search_term_string}"},"query-input":{"@type":"PropertyValueSpecification","valueRequired":true,"valueName":"search_term_string"}}],"inLanguage":"es"},{"@type":["Person","Organization"],"@id":"https:\/\/hib.cl\/Inicio\/#\/schema\/person\/c78029f613d473dcc58bbb5b55598dd4","name":"hibcl2","image":{"@type":"ImageObject","inLanguage":"es","@id":"https:\/\/hib.cl\/Inicio\/#\/schema\/person\/image\/","url":"https:\/\/hib.cl\/Inicio\/wp-content\/uploads\/2023\/04\/log3.png","contentUrl":"https:\/\/hib.cl\/Inicio\/wp-content\/uploads\/2023\/04\/log3.png","width":400,"height":230,"caption":"hibcl2"},"logo":{"@id":"https:\/\/hib.cl\/Inicio\/#\/schema\/person\/image\/"},"sameAs":["https:\/\/hib.cl\/Inicio"]}]}},"_links":{"self":[{"href":"https:\/\/hib.cl\/Inicio\/wp-json\/wp\/v2\/pages\/90","targetHints":{"allow":["GET"]}}],"collection":[{"href":"https:\/\/hib.cl\/Inicio\/wp-json\/wp\/v2\/pages"}],"about":[{"href":"https:\/\/hib.cl\/Inicio\/wp-json\/wp\/v2\/types\/page"}],"author":[{"embeddable":true,"href":"https:\/\/hib.cl\/Inicio\/wp-json\/wp\/v2\/users\/1"}],"replies":[{"embeddable":true,"href":"https:\/\/hib.cl\/Inicio\/wp-json\/wp\/v2\/comments?post=90"}],"version-history":[{"count":2,"href":"https:\/\/hib.cl\/Inicio\/wp-json\/wp\/v2\/pages\/90\/revisions"}],"predecessor-version":[{"id":136,"href":"https:\/\/hib.cl\/Inicio\/wp-json\/wp\/v2\/pages\/90\/revisions\/136"}],"wp:attachment":[{"href":"https:\/\/hib.cl\/Inicio\/wp-json\/wp\/v2\/media?parent=90"}],"curies":[{"name":"wp","href":"https:\/\/api.w.org\/{rel}","templated":true}]}}