{"id":84,"date":"2023-04-24T13:42:37","date_gmt":"2023-04-24T13:42:37","guid":{"rendered":"https:\/\/hib.cl\/Inicio\/?page_id=84"},"modified":"2023-04-24T15:41:28","modified_gmt":"2023-04-24T15:41:28","slug":"servicios","status":"publish","type":"page","link":"https:\/\/hib.cl\/Inicio\/servicios\/","title":{"rendered":"Servicios"},"content":{"rendered":"\n<p class=\"has-text-align-left\">HIB ofrece un servicio de abastecimiento y asistencia t\u00e9cnica para las necesidades de:<br>V\u00e1lvulas &amp; Controles<br>Redes de Incendio<br>Recuperaci\u00f3n de Aguas de Procesos<br>Ingenier\u00eda \u2013 Montajes<br>Automatizaciones<br>Reparaci\u00f3n \/ Mantenci\u00f3n de V\u00e1lvulas<br>Servicios Generales<\/p>\n\n\n\n<p>REPARACI\u00d3N Y RECUPERACI\u00d3N DE V\u00c1LVULAS Y ACTUADORES.<\/p>\n\n\n\n<p>Esta \u00e1rea, tal como su nombre lo indica est\u00e1 dedicada a la recuperaci\u00f3n integral de v\u00e1lvulas y actuadores, entregando productos que cumplen con los est\u00e1ndares de fabricaci\u00f3n de la industria manufacturera de v\u00e1lvulas.Se entiende por recuperaci\u00f3n de partes y piezas de v\u00e1lvulas, al conjunto de acciones necesarias para recobrar las caracter\u00edsticas originales de un componente que ya sea por el uso, el paso del tiempo o cualquier otro motivo,las ha perdido, es decir, la pieza recuperada alcanzar\u00e1 similares condiciones de funcionamiento y vida \u00fatil a las que ten\u00eda cuando sali\u00f3 de f\u00e1brica, y en muchos casos, en la medida que la tecnolog\u00eda y el an\u00e1lisis de costo-beneficio lo permitan, la pieza recuperada podr\u00eda exceder la vida \u00fatil de la pieza original. Por lo tanto, recuperar, es sin\u00f3nimo de reconstruir de acuerdo con normas y no simplemente de reparar<\/p>\n\n\n\n<p>COSTO BENEFICIO <\/p>\n\n\n\n<p>La gran mayor\u00eda de las v\u00e1lvulas son factibles de recuperar, sin embargo no siempre es econ\u00f3micamente rentable, o bien el estado en que se encuentran sus distintos componentes no permite cumplir con las normas respectivas y los est\u00e1ndares m\u00ednimos de seguridad para el usuario. El que una v\u00e1lvula pueda ser recuperada una o m\u00e1s veces depender\u00e1 de las condiciones de servicio en que se encuentre dicha v\u00e1lvula.\u00bfQu\u00e9 podr\u00eda motivar la recuperaci\u00f3n de sus v\u00e1lvulas?El desarrollo de la ciencia de los materiales y la tecnolog\u00eda le garantizan que una v\u00e1lvula bien recuperada alcanzar\u00e1 los mismos est\u00e1ndares funcionales que una nueva.Los costos totales de recuperaci\u00f3n le permiten beneficiarse de significativos ahorros. En otros pa\u00edses y considerando programas de mantenci\u00f3n preventiva, el costo de recuperaci\u00f3n es en promedio un 50% del costo de reposici\u00f3n, tomando como tal s\u00f3lo el desembolso directo por la compra, sin considerar costos de mantenci\u00f3n de inventarios, tiempos muertos por paros de planta, etc.<\/p>\n\n\n\n<p>El proceso de recuperaci\u00f3n es el siguiente:<\/p>\n\n\n\n<ul class=\"wp-block-list\">\n<li>\u2022 Recepci\u00f3n de la v\u00e1lvula en nuestras instalaciones o bien retiro desde la planta.<\/li>\n\n\n\n<li>\u2022 Desarme, lavado superficial y evaluaci\u00f3n.<\/li>\n\n\n\n<li>\u2022 Confecci\u00f3n y env\u00edo de Informe T\u00e9cnico valorizado al cliente para su aprobaci\u00f3n o rechazo.<\/li>\n\n\n\n<li>\u2022 Si el informe o presupuesto es aceptado se procede a la confecci\u00f3n de planos si fuese necesario.<\/li>\n\n\n\n<li>\u2022 Fabricaci\u00f3n y\/o mecanizado de piezas a recuperar o bien cambio de repuestos originales.<\/li>\n\n\n\n<li>\u2022 Lapeado, asentamiento y terminaciones.<\/li>\n\n\n\n<li>\u2022 Armado de la v\u00e1lvula.<\/li>\n\n\n\n<li>\u2022 Pruebas hidrost\u00e1ticas y certificaci\u00f3n de acuerdo a normas realizado por una empresa externa especializada.<\/li>\n\n\n\n<li>\u2022 Terminaciones finales y pintura.<\/li>\n\n\n\n<li>\u2022 Despacho de la v\u00e1lvula al cliente.<\/li>\n\n\n\n<li>\u2022 Asesor\u00eda en el montaje sin costo para el cliente.<\/li>\n<\/ul>\n\n\n\n<p>GARANT\u00cdA <\/p>\n\n\n\n<p>Gracias al Informe T\u00e9cnico de Cotizaci\u00f3n, usted podr\u00e1 conocer en detalle el diagn\u00f3stico y los trabajos necesarios para recuperar sus v\u00e1lvulas. Las tareas a realizar ser\u00e1n de acuerdo a las normas Internacionales aplicables y con una rigurosa selecci\u00f3n de materiales y control de procesos. Toda v\u00e1lvula recuperada por H.I.B. V\u00e1lvulas y Controles C\u00eda. SpA. lleva una placa identificadora con el correlativo del Informe t\u00e9cnico de cotizaci\u00f3n lo que le facilitar\u00e1 su evaluaci\u00f3n y seguimiento en terreno.Lo anterior, unido a la experiencia y los controles de calidad de H.I.B. V\u00e1lvulas y Controles C\u00eda. SpA., permiten garantizar los trabajos por 6 MESES, limitado a materiales y al buen funcionamiento de la v\u00e1lvula en la medida en que \u00e9sta haya sido<\/p>\n","protected":false},"excerpt":{"rendered":"<p>HIB ofrece un servicio de abastecimiento y asistencia t\u00e9cnica para las necesidades de:V\u00e1lvulas &amp; ControlesRedes de IncendioRecuperaci\u00f3n de Aguas de ProcesosIngenier\u00eda \u2013 MontajesAutomatizacionesReparaci\u00f3n \/ Mantenci\u00f3n de V\u00e1lvulasServicios Generales REPARACI\u00d3N Y RECUPERACI\u00d3N DE V\u00c1LVULAS Y ACTUADORES. Esta \u00e1rea, tal como su nombre lo indica est\u00e1 dedicada a la recuperaci\u00f3n integral de v\u00e1lvulas y actuadores, entregando productos [&hellip;]<\/p>\n","protected":false},"author":1,"featured_media":0,"parent":0,"menu_order":0,"comment_status":"closed","ping_status":"closed","template":"","meta":{"footnotes":""},"class_list":["post-84","page","type-page","status-publish","hentry"],"yoast_head":"<!-- This site is optimized with the Yoast SEO plugin v23.4 - https:\/\/yoast.com\/wordpress\/plugins\/seo\/ -->\n<title>Servicios - HIB<\/title>\n<meta name=\"robots\" content=\"index, follow, max-snippet:-1, max-image-preview:large, max-video-preview:-1\" \/>\n<link rel=\"canonical\" href=\"https:\/\/hib.cl\/Inicio\/servicios\/\" \/>\n<meta property=\"og:locale\" content=\"es_ES\" \/>\n<meta property=\"og:type\" content=\"article\" \/>\n<meta property=\"og:title\" content=\"Servicios - HIB\" \/>\n<meta property=\"og:description\" content=\"HIB ofrece un servicio de abastecimiento y asistencia t\u00e9cnica para las necesidades de:V\u00e1lvulas &amp; ControlesRedes de IncendioRecuperaci\u00f3n de Aguas de ProcesosIngenier\u00eda \u2013 MontajesAutomatizacionesReparaci\u00f3n \/ Mantenci\u00f3n de V\u00e1lvulasServicios Generales REPARACI\u00d3N Y RECUPERACI\u00d3N DE V\u00c1LVULAS Y ACTUADORES. Esta \u00e1rea, tal como su nombre lo indica est\u00e1 dedicada a la recuperaci\u00f3n integral de v\u00e1lvulas y actuadores, entregando productos [&hellip;]\" \/>\n<meta property=\"og:url\" content=\"https:\/\/hib.cl\/Inicio\/servicios\/\" \/>\n<meta property=\"og:site_name\" content=\"HIB\" \/>\n<meta property=\"article:modified_time\" content=\"2023-04-24T15:41:28+00:00\" \/>\n<meta name=\"twitter:card\" content=\"summary_large_image\" \/>\n<meta name=\"twitter:label1\" content=\"Tiempo de lectura\" \/>\n\t<meta name=\"twitter:data1\" content=\"3 minutos\" \/>\n<script type=\"application\/ld+json\" class=\"yoast-schema-graph\">{\"@context\":\"https:\/\/schema.org\",\"@graph\":[{\"@type\":\"WebPage\",\"@id\":\"https:\/\/hib.cl\/Inicio\/servicios\/\",\"url\":\"https:\/\/hib.cl\/Inicio\/servicios\/\",\"name\":\"Servicios - HIB\",\"isPartOf\":{\"@id\":\"https:\/\/hib.cl\/Inicio\/#website\"},\"datePublished\":\"2023-04-24T13:42:37+00:00\",\"dateModified\":\"2023-04-24T15:41:28+00:00\",\"breadcrumb\":{\"@id\":\"https:\/\/hib.cl\/Inicio\/servicios\/#breadcrumb\"},\"inLanguage\":\"es\",\"potentialAction\":[{\"@type\":\"ReadAction\",\"target\":[\"https:\/\/hib.cl\/Inicio\/servicios\/\"]}]},{\"@type\":\"BreadcrumbList\",\"@id\":\"https:\/\/hib.cl\/Inicio\/servicios\/#breadcrumb\",\"itemListElement\":[{\"@type\":\"ListItem\",\"position\":1,\"name\":\"Portada\",\"item\":\"https:\/\/hib.cl\/Inicio\/\"},{\"@type\":\"ListItem\",\"position\":2,\"name\":\"Servicios\"}]},{\"@type\":\"WebSite\",\"@id\":\"https:\/\/hib.cl\/Inicio\/#website\",\"url\":\"https:\/\/hib.cl\/Inicio\/\",\"name\":\"H.I.B. V\u00e1lvulas y Controles C\u00eda. SpA\",\"description\":\"Ingenieria - Montajes y Servicios Generales\",\"publisher\":{\"@id\":\"https:\/\/hib.cl\/Inicio\/#\/schema\/person\/c78029f613d473dcc58bbb5b55598dd4\"},\"potentialAction\":[{\"@type\":\"SearchAction\",\"target\":{\"@type\":\"EntryPoint\",\"urlTemplate\":\"https:\/\/hib.cl\/Inicio\/?s={search_term_string}\"},\"query-input\":{\"@type\":\"PropertyValueSpecification\",\"valueRequired\":true,\"valueName\":\"search_term_string\"}}],\"inLanguage\":\"es\"},{\"@type\":[\"Person\",\"Organization\"],\"@id\":\"https:\/\/hib.cl\/Inicio\/#\/schema\/person\/c78029f613d473dcc58bbb5b55598dd4\",\"name\":\"hibcl2\",\"image\":{\"@type\":\"ImageObject\",\"inLanguage\":\"es\",\"@id\":\"https:\/\/hib.cl\/Inicio\/#\/schema\/person\/image\/\",\"url\":\"https:\/\/hib.cl\/Inicio\/wp-content\/uploads\/2023\/04\/log3.png\",\"contentUrl\":\"https:\/\/hib.cl\/Inicio\/wp-content\/uploads\/2023\/04\/log3.png\",\"width\":400,\"height\":230,\"caption\":\"hibcl2\"},\"logo\":{\"@id\":\"https:\/\/hib.cl\/Inicio\/#\/schema\/person\/image\/\"},\"sameAs\":[\"https:\/\/hib.cl\/Inicio\"]}]}<\/script>\n<!-- \/ Yoast SEO plugin. -->","yoast_head_json":{"title":"Servicios - HIB","robots":{"index":"index","follow":"follow","max-snippet":"max-snippet:-1","max-image-preview":"max-image-preview:large","max-video-preview":"max-video-preview:-1"},"canonical":"https:\/\/hib.cl\/Inicio\/servicios\/","og_locale":"es_ES","og_type":"article","og_title":"Servicios - HIB","og_description":"HIB ofrece un servicio de abastecimiento y asistencia t\u00e9cnica para las necesidades de:V\u00e1lvulas &amp; ControlesRedes de IncendioRecuperaci\u00f3n de Aguas de ProcesosIngenier\u00eda \u2013 MontajesAutomatizacionesReparaci\u00f3n \/ Mantenci\u00f3n de V\u00e1lvulasServicios Generales REPARACI\u00d3N Y RECUPERACI\u00d3N DE V\u00c1LVULAS Y ACTUADORES. Esta \u00e1rea, tal como su nombre lo indica est\u00e1 dedicada a la recuperaci\u00f3n integral de v\u00e1lvulas y actuadores, entregando productos [&hellip;]","og_url":"https:\/\/hib.cl\/Inicio\/servicios\/","og_site_name":"HIB","article_modified_time":"2023-04-24T15:41:28+00:00","twitter_card":"summary_large_image","twitter_misc":{"Tiempo de lectura":"3 minutos"},"schema":{"@context":"https:\/\/schema.org","@graph":[{"@type":"WebPage","@id":"https:\/\/hib.cl\/Inicio\/servicios\/","url":"https:\/\/hib.cl\/Inicio\/servicios\/","name":"Servicios - HIB","isPartOf":{"@id":"https:\/\/hib.cl\/Inicio\/#website"},"datePublished":"2023-04-24T13:42:37+00:00","dateModified":"2023-04-24T15:41:28+00:00","breadcrumb":{"@id":"https:\/\/hib.cl\/Inicio\/servicios\/#breadcrumb"},"inLanguage":"es","potentialAction":[{"@type":"ReadAction","target":["https:\/\/hib.cl\/Inicio\/servicios\/"]}]},{"@type":"BreadcrumbList","@id":"https:\/\/hib.cl\/Inicio\/servicios\/#breadcrumb","itemListElement":[{"@type":"ListItem","position":1,"name":"Portada","item":"https:\/\/hib.cl\/Inicio\/"},{"@type":"ListItem","position":2,"name":"Servicios"}]},{"@type":"WebSite","@id":"https:\/\/hib.cl\/Inicio\/#website","url":"https:\/\/hib.cl\/Inicio\/","name":"H.I.B. V\u00e1lvulas y Controles C\u00eda. SpA","description":"Ingenieria - Montajes y Servicios Generales","publisher":{"@id":"https:\/\/hib.cl\/Inicio\/#\/schema\/person\/c78029f613d473dcc58bbb5b55598dd4"},"potentialAction":[{"@type":"SearchAction","target":{"@type":"EntryPoint","urlTemplate":"https:\/\/hib.cl\/Inicio\/?s={search_term_string}"},"query-input":{"@type":"PropertyValueSpecification","valueRequired":true,"valueName":"search_term_string"}}],"inLanguage":"es"},{"@type":["Person","Organization"],"@id":"https:\/\/hib.cl\/Inicio\/#\/schema\/person\/c78029f613d473dcc58bbb5b55598dd4","name":"hibcl2","image":{"@type":"ImageObject","inLanguage":"es","@id":"https:\/\/hib.cl\/Inicio\/#\/schema\/person\/image\/","url":"https:\/\/hib.cl\/Inicio\/wp-content\/uploads\/2023\/04\/log3.png","contentUrl":"https:\/\/hib.cl\/Inicio\/wp-content\/uploads\/2023\/04\/log3.png","width":400,"height":230,"caption":"hibcl2"},"logo":{"@id":"https:\/\/hib.cl\/Inicio\/#\/schema\/person\/image\/"},"sameAs":["https:\/\/hib.cl\/Inicio"]}]}},"_links":{"self":[{"href":"https:\/\/hib.cl\/Inicio\/wp-json\/wp\/v2\/pages\/84","targetHints":{"allow":["GET"]}}],"collection":[{"href":"https:\/\/hib.cl\/Inicio\/wp-json\/wp\/v2\/pages"}],"about":[{"href":"https:\/\/hib.cl\/Inicio\/wp-json\/wp\/v2\/types\/page"}],"author":[{"embeddable":true,"href":"https:\/\/hib.cl\/Inicio\/wp-json\/wp\/v2\/users\/1"}],"replies":[{"embeddable":true,"href":"https:\/\/hib.cl\/Inicio\/wp-json\/wp\/v2\/comments?post=84"}],"version-history":[{"count":2,"href":"https:\/\/hib.cl\/Inicio\/wp-json\/wp\/v2\/pages\/84\/revisions"}],"predecessor-version":[{"id":111,"href":"https:\/\/hib.cl\/Inicio\/wp-json\/wp\/v2\/pages\/84\/revisions\/111"}],"wp:attachment":[{"href":"https:\/\/hib.cl\/Inicio\/wp-json\/wp\/v2\/media?parent=84"}],"curies":[{"name":"wp","href":"https:\/\/api.w.org\/{rel}","templated":true}]}}