{"id":64,"date":"2023-04-23T04:23:37","date_gmt":"2023-04-23T04:23:37","guid":{"rendered":"https:\/\/hib.cl\/Inicio\/?page_id=64"},"modified":"2023-04-25T00:22:20","modified_gmt":"2023-04-25T00:22:20","slug":"valvula-pinch","status":"publish","type":"page","link":"https:\/\/hib.cl\/Inicio\/valvula-pinch\/","title":{"rendered":"V\u00e1lvula Pinch"},"content":{"rendered":"\n<p>ha sido dise\u00f1ada para resolver los problemas de proceso asociados al control de flujo en fluidos abrasivos o corrosivos en industrias tales como beneficio de minerales, papelera, generaci\u00f3n de energ\u00eda, manejo de sustancias qu\u00edmicas, tratamiento de efluentes y aguas servidas.<\/p>\n\n\n\n<p>La V\u00e1lvula Pinch consiste de una manga robusta pero a la vez flexible, con di\u00e1metro de apertura completamente abierto o reducido, la cual forma parte de la tuber\u00eda. La v\u00e1lvula se cierra mec\u00e1nicamente mediante el movimiento de barras ubicadas en sectores opuestos de la manga. Con las v\u00e1lvula pinch se mejora el control de proceso y poseen un bajo costo de mantenci\u00f3n.El coraz\u00f3n la V\u00e1lvula Pinch es la manga, un \u00fanico componente que desempe\u00f1a todas las funciones.<\/p>\n\n\n<div class=\"wp-block-image\">\n<figure class=\"aligncenter size-full\"><img loading=\"lazy\" decoding=\"async\" width=\"265\" height=\"217\" src=\"https:\/\/hib.cl\/Inicio\/wp-content\/uploads\/2023\/04\/valvulapinch.jpg\" alt=\"\" class=\"wp-image-45\"\/><\/figure>\n<\/div>","protected":false},"excerpt":{"rendered":"<p>ha sido dise\u00f1ada para resolver los problemas de proceso asociados al control de flujo en fluidos abrasivos o corrosivos en industrias tales como beneficio de minerales, papelera, generaci\u00f3n de energ\u00eda, manejo de sustancias qu\u00edmicas, tratamiento de efluentes y aguas servidas. La V\u00e1lvula Pinch consiste de una manga robusta pero a la vez flexible, con di\u00e1metro [&hellip;]<\/p>\n","protected":false},"author":1,"featured_media":0,"parent":0,"menu_order":0,"comment_status":"closed","ping_status":"closed","template":"","meta":{"footnotes":""},"class_list":["post-64","page","type-page","status-publish","hentry"],"yoast_head":"<!-- This site is optimized with the Yoast SEO plugin v23.4 - https:\/\/yoast.com\/wordpress\/plugins\/seo\/ -->\n<title>V\u00e1lvula Pinch - HIB<\/title>\n<meta name=\"robots\" content=\"index, follow, max-snippet:-1, max-image-preview:large, max-video-preview:-1\" \/>\n<link rel=\"canonical\" href=\"https:\/\/hib.cl\/Inicio\/valvula-pinch\/\" \/>\n<meta property=\"og:locale\" content=\"es_ES\" \/>\n<meta property=\"og:type\" content=\"article\" \/>\n<meta property=\"og:title\" content=\"V\u00e1lvula Pinch - HIB\" \/>\n<meta property=\"og:description\" content=\"ha sido dise\u00f1ada para resolver los problemas de proceso asociados al control de flujo en fluidos abrasivos o corrosivos en industrias tales como beneficio de minerales, papelera, generaci\u00f3n de energ\u00eda, manejo de sustancias qu\u00edmicas, tratamiento de efluentes y aguas servidas. La V\u00e1lvula Pinch consiste de una manga robusta pero a la vez flexible, con di\u00e1metro [&hellip;]\" \/>\n<meta property=\"og:url\" content=\"https:\/\/hib.cl\/Inicio\/valvula-pinch\/\" \/>\n<meta property=\"og:site_name\" content=\"HIB\" \/>\n<meta property=\"article:modified_time\" content=\"2023-04-25T00:22:20+00:00\" \/>\n<meta property=\"og:image\" content=\"https:\/\/hib.cl\/Inicio\/wp-content\/uploads\/2023\/04\/valvulapinch.jpg\" \/>\n<meta name=\"twitter:card\" content=\"summary_large_image\" \/>\n<meta name=\"twitter:label1\" content=\"Tiempo de lectura\" \/>\n\t<meta name=\"twitter:data1\" content=\"1 minuto\" \/>\n<script type=\"application\/ld+json\" class=\"yoast-schema-graph\">{\"@context\":\"https:\/\/schema.org\",\"@graph\":[{\"@type\":\"WebPage\",\"@id\":\"https:\/\/hib.cl\/Inicio\/valvula-pinch\/\",\"url\":\"https:\/\/hib.cl\/Inicio\/valvula-pinch\/\",\"name\":\"V\u00e1lvula Pinch - HIB\",\"isPartOf\":{\"@id\":\"https:\/\/hib.cl\/Inicio\/#website\"},\"primaryImageOfPage\":{\"@id\":\"https:\/\/hib.cl\/Inicio\/valvula-pinch\/#primaryimage\"},\"image\":{\"@id\":\"https:\/\/hib.cl\/Inicio\/valvula-pinch\/#primaryimage\"},\"thumbnailUrl\":\"https:\/\/hib.cl\/Inicio\/wp-content\/uploads\/2023\/04\/valvulapinch.jpg\",\"datePublished\":\"2023-04-23T04:23:37+00:00\",\"dateModified\":\"2023-04-25T00:22:20+00:00\",\"breadcrumb\":{\"@id\":\"https:\/\/hib.cl\/Inicio\/valvula-pinch\/#breadcrumb\"},\"inLanguage\":\"es\",\"potentialAction\":[{\"@type\":\"ReadAction\",\"target\":[\"https:\/\/hib.cl\/Inicio\/valvula-pinch\/\"]}]},{\"@type\":\"ImageObject\",\"inLanguage\":\"es\",\"@id\":\"https:\/\/hib.cl\/Inicio\/valvula-pinch\/#primaryimage\",\"url\":\"https:\/\/hib.cl\/Inicio\/wp-content\/uploads\/2023\/04\/valvulapinch.jpg\",\"contentUrl\":\"https:\/\/hib.cl\/Inicio\/wp-content\/uploads\/2023\/04\/valvulapinch.jpg\",\"width\":265,\"height\":217},{\"@type\":\"BreadcrumbList\",\"@id\":\"https:\/\/hib.cl\/Inicio\/valvula-pinch\/#breadcrumb\",\"itemListElement\":[{\"@type\":\"ListItem\",\"position\":1,\"name\":\"Portada\",\"item\":\"https:\/\/hib.cl\/Inicio\/\"},{\"@type\":\"ListItem\",\"position\":2,\"name\":\"V\u00e1lvula Pinch\"}]},{\"@type\":\"WebSite\",\"@id\":\"https:\/\/hib.cl\/Inicio\/#website\",\"url\":\"https:\/\/hib.cl\/Inicio\/\",\"name\":\"H.I.B. V\u00e1lvulas y Controles C\u00eda. SpA\",\"description\":\"Ingenieria - Montajes y Servicios Generales\",\"publisher\":{\"@id\":\"https:\/\/hib.cl\/Inicio\/#\/schema\/person\/c78029f613d473dcc58bbb5b55598dd4\"},\"potentialAction\":[{\"@type\":\"SearchAction\",\"target\":{\"@type\":\"EntryPoint\",\"urlTemplate\":\"https:\/\/hib.cl\/Inicio\/?s={search_term_string}\"},\"query-input\":{\"@type\":\"PropertyValueSpecification\",\"valueRequired\":true,\"valueName\":\"search_term_string\"}}],\"inLanguage\":\"es\"},{\"@type\":[\"Person\",\"Organization\"],\"@id\":\"https:\/\/hib.cl\/Inicio\/#\/schema\/person\/c78029f613d473dcc58bbb5b55598dd4\",\"name\":\"hibcl2\",\"image\":{\"@type\":\"ImageObject\",\"inLanguage\":\"es\",\"@id\":\"https:\/\/hib.cl\/Inicio\/#\/schema\/person\/image\/\",\"url\":\"https:\/\/hib.cl\/Inicio\/wp-content\/uploads\/2023\/04\/log3.png\",\"contentUrl\":\"https:\/\/hib.cl\/Inicio\/wp-content\/uploads\/2023\/04\/log3.png\",\"width\":400,\"height\":230,\"caption\":\"hibcl2\"},\"logo\":{\"@id\":\"https:\/\/hib.cl\/Inicio\/#\/schema\/person\/image\/\"},\"sameAs\":[\"https:\/\/hib.cl\/Inicio\"]}]}<\/script>\n<!-- \/ Yoast SEO plugin. -->","yoast_head_json":{"title":"V\u00e1lvula Pinch - HIB","robots":{"index":"index","follow":"follow","max-snippet":"max-snippet:-1","max-image-preview":"max-image-preview:large","max-video-preview":"max-video-preview:-1"},"canonical":"https:\/\/hib.cl\/Inicio\/valvula-pinch\/","og_locale":"es_ES","og_type":"article","og_title":"V\u00e1lvula Pinch - HIB","og_description":"ha sido dise\u00f1ada para resolver los problemas de proceso asociados al control de flujo en fluidos abrasivos o corrosivos en industrias tales como beneficio de minerales, papelera, generaci\u00f3n de energ\u00eda, manejo de sustancias qu\u00edmicas, tratamiento de efluentes y aguas servidas. La V\u00e1lvula Pinch consiste de una manga robusta pero a la vez flexible, con di\u00e1metro [&hellip;]","og_url":"https:\/\/hib.cl\/Inicio\/valvula-pinch\/","og_site_name":"HIB","article_modified_time":"2023-04-25T00:22:20+00:00","og_image":[{"url":"https:\/\/hib.cl\/Inicio\/wp-content\/uploads\/2023\/04\/valvulapinch.jpg"}],"twitter_card":"summary_large_image","twitter_misc":{"Tiempo de lectura":"1 minuto"},"schema":{"@context":"https:\/\/schema.org","@graph":[{"@type":"WebPage","@id":"https:\/\/hib.cl\/Inicio\/valvula-pinch\/","url":"https:\/\/hib.cl\/Inicio\/valvula-pinch\/","name":"V\u00e1lvula Pinch - HIB","isPartOf":{"@id":"https:\/\/hib.cl\/Inicio\/#website"},"primaryImageOfPage":{"@id":"https:\/\/hib.cl\/Inicio\/valvula-pinch\/#primaryimage"},"image":{"@id":"https:\/\/hib.cl\/Inicio\/valvula-pinch\/#primaryimage"},"thumbnailUrl":"https:\/\/hib.cl\/Inicio\/wp-content\/uploads\/2023\/04\/valvulapinch.jpg","datePublished":"2023-04-23T04:23:37+00:00","dateModified":"2023-04-25T00:22:20+00:00","breadcrumb":{"@id":"https:\/\/hib.cl\/Inicio\/valvula-pinch\/#breadcrumb"},"inLanguage":"es","potentialAction":[{"@type":"ReadAction","target":["https:\/\/hib.cl\/Inicio\/valvula-pinch\/"]}]},{"@type":"ImageObject","inLanguage":"es","@id":"https:\/\/hib.cl\/Inicio\/valvula-pinch\/#primaryimage","url":"https:\/\/hib.cl\/Inicio\/wp-content\/uploads\/2023\/04\/valvulapinch.jpg","contentUrl":"https:\/\/hib.cl\/Inicio\/wp-content\/uploads\/2023\/04\/valvulapinch.jpg","width":265,"height":217},{"@type":"BreadcrumbList","@id":"https:\/\/hib.cl\/Inicio\/valvula-pinch\/#breadcrumb","itemListElement":[{"@type":"ListItem","position":1,"name":"Portada","item":"https:\/\/hib.cl\/Inicio\/"},{"@type":"ListItem","position":2,"name":"V\u00e1lvula Pinch"}]},{"@type":"WebSite","@id":"https:\/\/hib.cl\/Inicio\/#website","url":"https:\/\/hib.cl\/Inicio\/","name":"H.I.B. V\u00e1lvulas y Controles C\u00eda. SpA","description":"Ingenieria - Montajes y Servicios Generales","publisher":{"@id":"https:\/\/hib.cl\/Inicio\/#\/schema\/person\/c78029f613d473dcc58bbb5b55598dd4"},"potentialAction":[{"@type":"SearchAction","target":{"@type":"EntryPoint","urlTemplate":"https:\/\/hib.cl\/Inicio\/?s={search_term_string}"},"query-input":{"@type":"PropertyValueSpecification","valueRequired":true,"valueName":"search_term_string"}}],"inLanguage":"es"},{"@type":["Person","Organization"],"@id":"https:\/\/hib.cl\/Inicio\/#\/schema\/person\/c78029f613d473dcc58bbb5b55598dd4","name":"hibcl2","image":{"@type":"ImageObject","inLanguage":"es","@id":"https:\/\/hib.cl\/Inicio\/#\/schema\/person\/image\/","url":"https:\/\/hib.cl\/Inicio\/wp-content\/uploads\/2023\/04\/log3.png","contentUrl":"https:\/\/hib.cl\/Inicio\/wp-content\/uploads\/2023\/04\/log3.png","width":400,"height":230,"caption":"hibcl2"},"logo":{"@id":"https:\/\/hib.cl\/Inicio\/#\/schema\/person\/image\/"},"sameAs":["https:\/\/hib.cl\/Inicio"]}]}},"_links":{"self":[{"href":"https:\/\/hib.cl\/Inicio\/wp-json\/wp\/v2\/pages\/64","targetHints":{"allow":["GET"]}}],"collection":[{"href":"https:\/\/hib.cl\/Inicio\/wp-json\/wp\/v2\/pages"}],"about":[{"href":"https:\/\/hib.cl\/Inicio\/wp-json\/wp\/v2\/types\/page"}],"author":[{"embeddable":true,"href":"https:\/\/hib.cl\/Inicio\/wp-json\/wp\/v2\/users\/1"}],"replies":[{"embeddable":true,"href":"https:\/\/hib.cl\/Inicio\/wp-json\/wp\/v2\/comments?post=64"}],"version-history":[{"count":2,"href":"https:\/\/hib.cl\/Inicio\/wp-json\/wp\/v2\/pages\/64\/revisions"}],"predecessor-version":[{"id":137,"href":"https:\/\/hib.cl\/Inicio\/wp-json\/wp\/v2\/pages\/64\/revisions\/137"}],"wp:attachment":[{"href":"https:\/\/hib.cl\/Inicio\/wp-json\/wp\/v2\/media?parent=64"}],"curies":[{"name":"wp","href":"https:\/\/api.w.org\/{rel}","templated":true}]}}