{"id":58,"date":"2023-04-23T04:21:10","date_gmt":"2023-04-23T04:21:10","guid":{"rendered":"https:\/\/hib.cl\/Inicio\/?page_id=58"},"modified":"2023-04-24T16:21:51","modified_gmt":"2023-04-24T16:21:51","slug":"valvula-de-diafragma","status":"publish","type":"page","link":"https:\/\/hib.cl\/Inicio\/valvula-de-diafragma\/","title":{"rendered":"V\u00e1lvula de Diafragma"},"content":{"rendered":"\n<p>Tiene como principal objetivo el permitir un sello herm\u00e9tico. Su sistema mec\u00e1nico tiene como funci\u00f3n obstruir o dejar libre el paso de un flujo por medio de una membrana (diafragma) de caucho nitrilo, neopreno, tefl\u00f3n y otros. Se emplea normalmente en fluidos corrosivos, abrasivos o que contienen s\u00f3lidos en suspensi\u00f3n. Sus usos var\u00edan desde alimenticios hasta soluciones qu\u00edmicas corrosivas.<br>Las v\u00e1lvulas de diafragma pueden ser de dos tipos:<\/p>\n\n\n\n<p>\u2022 De paso recto<br>\u2022 De paso vertedero<\/p>\n\n\n<div class=\"wp-block-image\">\n<figure class=\"aligncenter size-full\"><img loading=\"lazy\" decoding=\"async\" width=\"265\" height=\"217\" src=\"https:\/\/hib.cl\/Inicio\/wp-content\/uploads\/2023\/04\/valvuladiafragma.jpg\" alt=\"\" class=\"wp-image-42\"\/><\/figure>\n<\/div>","protected":false},"excerpt":{"rendered":"<p>Tiene como principal objetivo el permitir un sello herm\u00e9tico. Su sistema mec\u00e1nico tiene como funci\u00f3n obstruir o dejar libre el paso de un flujo por medio de una membrana (diafragma) de caucho nitrilo, neopreno, tefl\u00f3n y otros. Se emplea normalmente en fluidos corrosivos, abrasivos o que contienen s\u00f3lidos en suspensi\u00f3n. Sus usos var\u00edan desde alimenticios [&hellip;]<\/p>\n","protected":false},"author":1,"featured_media":42,"parent":0,"menu_order":0,"comment_status":"closed","ping_status":"closed","template":"","meta":{"footnotes":""},"class_list":["post-58","page","type-page","status-publish","has-post-thumbnail","hentry"],"yoast_head":"<!-- This site is optimized with the Yoast SEO plugin v23.4 - https:\/\/yoast.com\/wordpress\/plugins\/seo\/ -->\n<title>V\u00e1lvula de Diafragma - HIB<\/title>\n<meta name=\"robots\" content=\"index, follow, max-snippet:-1, max-image-preview:large, max-video-preview:-1\" \/>\n<link rel=\"canonical\" href=\"https:\/\/hib.cl\/Inicio\/valvula-de-diafragma\/\" \/>\n<meta property=\"og:locale\" content=\"es_ES\" \/>\n<meta property=\"og:type\" content=\"article\" \/>\n<meta property=\"og:title\" content=\"V\u00e1lvula de Diafragma - HIB\" \/>\n<meta property=\"og:description\" content=\"Tiene como principal objetivo el permitir un sello herm\u00e9tico. Su sistema mec\u00e1nico tiene como funci\u00f3n obstruir o dejar libre el paso de un flujo por medio de una membrana (diafragma) de caucho nitrilo, neopreno, tefl\u00f3n y otros. Se emplea normalmente en fluidos corrosivos, abrasivos o que contienen s\u00f3lidos en suspensi\u00f3n. Sus usos var\u00edan desde alimenticios [&hellip;]\" \/>\n<meta property=\"og:url\" content=\"https:\/\/hib.cl\/Inicio\/valvula-de-diafragma\/\" \/>\n<meta property=\"og:site_name\" content=\"HIB\" \/>\n<meta property=\"article:modified_time\" content=\"2023-04-24T16:21:51+00:00\" \/>\n<meta property=\"og:image\" content=\"https:\/\/hib.cl\/Inicio\/wp-content\/uploads\/2023\/04\/valvuladiafragma.jpg\" \/>\n\t<meta property=\"og:image:width\" content=\"265\" \/>\n\t<meta property=\"og:image:height\" content=\"217\" \/>\n\t<meta property=\"og:image:type\" content=\"image\/jpeg\" \/>\n<meta name=\"twitter:card\" content=\"summary_large_image\" \/>\n<script type=\"application\/ld+json\" class=\"yoast-schema-graph\">{\"@context\":\"https:\/\/schema.org\",\"@graph\":[{\"@type\":\"WebPage\",\"@id\":\"https:\/\/hib.cl\/Inicio\/valvula-de-diafragma\/\",\"url\":\"https:\/\/hib.cl\/Inicio\/valvula-de-diafragma\/\",\"name\":\"V\u00e1lvula de Diafragma - HIB\",\"isPartOf\":{\"@id\":\"https:\/\/hib.cl\/Inicio\/#website\"},\"primaryImageOfPage\":{\"@id\":\"https:\/\/hib.cl\/Inicio\/valvula-de-diafragma\/#primaryimage\"},\"image\":{\"@id\":\"https:\/\/hib.cl\/Inicio\/valvula-de-diafragma\/#primaryimage\"},\"thumbnailUrl\":\"https:\/\/hib.cl\/Inicio\/wp-content\/uploads\/2023\/04\/valvuladiafragma.jpg\",\"datePublished\":\"2023-04-23T04:21:10+00:00\",\"dateModified\":\"2023-04-24T16:21:51+00:00\",\"breadcrumb\":{\"@id\":\"https:\/\/hib.cl\/Inicio\/valvula-de-diafragma\/#breadcrumb\"},\"inLanguage\":\"es\",\"potentialAction\":[{\"@type\":\"ReadAction\",\"target\":[\"https:\/\/hib.cl\/Inicio\/valvula-de-diafragma\/\"]}]},{\"@type\":\"ImageObject\",\"inLanguage\":\"es\",\"@id\":\"https:\/\/hib.cl\/Inicio\/valvula-de-diafragma\/#primaryimage\",\"url\":\"https:\/\/hib.cl\/Inicio\/wp-content\/uploads\/2023\/04\/valvuladiafragma.jpg\",\"contentUrl\":\"https:\/\/hib.cl\/Inicio\/wp-content\/uploads\/2023\/04\/valvuladiafragma.jpg\",\"width\":265,\"height\":217},{\"@type\":\"BreadcrumbList\",\"@id\":\"https:\/\/hib.cl\/Inicio\/valvula-de-diafragma\/#breadcrumb\",\"itemListElement\":[{\"@type\":\"ListItem\",\"position\":1,\"name\":\"Portada\",\"item\":\"https:\/\/hib.cl\/Inicio\/\"},{\"@type\":\"ListItem\",\"position\":2,\"name\":\"V\u00e1lvula de Diafragma\"}]},{\"@type\":\"WebSite\",\"@id\":\"https:\/\/hib.cl\/Inicio\/#website\",\"url\":\"https:\/\/hib.cl\/Inicio\/\",\"name\":\"H.I.B. V\u00e1lvulas y Controles C\u00eda. SpA\",\"description\":\"Ingenieria - Montajes y Servicios Generales\",\"publisher\":{\"@id\":\"https:\/\/hib.cl\/Inicio\/#\/schema\/person\/c78029f613d473dcc58bbb5b55598dd4\"},\"potentialAction\":[{\"@type\":\"SearchAction\",\"target\":{\"@type\":\"EntryPoint\",\"urlTemplate\":\"https:\/\/hib.cl\/Inicio\/?s={search_term_string}\"},\"query-input\":{\"@type\":\"PropertyValueSpecification\",\"valueRequired\":true,\"valueName\":\"search_term_string\"}}],\"inLanguage\":\"es\"},{\"@type\":[\"Person\",\"Organization\"],\"@id\":\"https:\/\/hib.cl\/Inicio\/#\/schema\/person\/c78029f613d473dcc58bbb5b55598dd4\",\"name\":\"hibcl2\",\"image\":{\"@type\":\"ImageObject\",\"inLanguage\":\"es\",\"@id\":\"https:\/\/hib.cl\/Inicio\/#\/schema\/person\/image\/\",\"url\":\"https:\/\/hib.cl\/Inicio\/wp-content\/uploads\/2023\/04\/log3.png\",\"contentUrl\":\"https:\/\/hib.cl\/Inicio\/wp-content\/uploads\/2023\/04\/log3.png\",\"width\":400,\"height\":230,\"caption\":\"hibcl2\"},\"logo\":{\"@id\":\"https:\/\/hib.cl\/Inicio\/#\/schema\/person\/image\/\"},\"sameAs\":[\"https:\/\/hib.cl\/Inicio\"]}]}<\/script>\n<!-- \/ Yoast SEO plugin. -->","yoast_head_json":{"title":"V\u00e1lvula de Diafragma - HIB","robots":{"index":"index","follow":"follow","max-snippet":"max-snippet:-1","max-image-preview":"max-image-preview:large","max-video-preview":"max-video-preview:-1"},"canonical":"https:\/\/hib.cl\/Inicio\/valvula-de-diafragma\/","og_locale":"es_ES","og_type":"article","og_title":"V\u00e1lvula de Diafragma - HIB","og_description":"Tiene como principal objetivo el permitir un sello herm\u00e9tico. Su sistema mec\u00e1nico tiene como funci\u00f3n obstruir o dejar libre el paso de un flujo por medio de una membrana (diafragma) de caucho nitrilo, neopreno, tefl\u00f3n y otros. Se emplea normalmente en fluidos corrosivos, abrasivos o que contienen s\u00f3lidos en suspensi\u00f3n. Sus usos var\u00edan desde alimenticios [&hellip;]","og_url":"https:\/\/hib.cl\/Inicio\/valvula-de-diafragma\/","og_site_name":"HIB","article_modified_time":"2023-04-24T16:21:51+00:00","og_image":[{"width":265,"height":217,"url":"https:\/\/hib.cl\/Inicio\/wp-content\/uploads\/2023\/04\/valvuladiafragma.jpg","type":"image\/jpeg"}],"twitter_card":"summary_large_image","schema":{"@context":"https:\/\/schema.org","@graph":[{"@type":"WebPage","@id":"https:\/\/hib.cl\/Inicio\/valvula-de-diafragma\/","url":"https:\/\/hib.cl\/Inicio\/valvula-de-diafragma\/","name":"V\u00e1lvula de Diafragma - HIB","isPartOf":{"@id":"https:\/\/hib.cl\/Inicio\/#website"},"primaryImageOfPage":{"@id":"https:\/\/hib.cl\/Inicio\/valvula-de-diafragma\/#primaryimage"},"image":{"@id":"https:\/\/hib.cl\/Inicio\/valvula-de-diafragma\/#primaryimage"},"thumbnailUrl":"https:\/\/hib.cl\/Inicio\/wp-content\/uploads\/2023\/04\/valvuladiafragma.jpg","datePublished":"2023-04-23T04:21:10+00:00","dateModified":"2023-04-24T16:21:51+00:00","breadcrumb":{"@id":"https:\/\/hib.cl\/Inicio\/valvula-de-diafragma\/#breadcrumb"},"inLanguage":"es","potentialAction":[{"@type":"ReadAction","target":["https:\/\/hib.cl\/Inicio\/valvula-de-diafragma\/"]}]},{"@type":"ImageObject","inLanguage":"es","@id":"https:\/\/hib.cl\/Inicio\/valvula-de-diafragma\/#primaryimage","url":"https:\/\/hib.cl\/Inicio\/wp-content\/uploads\/2023\/04\/valvuladiafragma.jpg","contentUrl":"https:\/\/hib.cl\/Inicio\/wp-content\/uploads\/2023\/04\/valvuladiafragma.jpg","width":265,"height":217},{"@type":"BreadcrumbList","@id":"https:\/\/hib.cl\/Inicio\/valvula-de-diafragma\/#breadcrumb","itemListElement":[{"@type":"ListItem","position":1,"name":"Portada","item":"https:\/\/hib.cl\/Inicio\/"},{"@type":"ListItem","position":2,"name":"V\u00e1lvula de Diafragma"}]},{"@type":"WebSite","@id":"https:\/\/hib.cl\/Inicio\/#website","url":"https:\/\/hib.cl\/Inicio\/","name":"H.I.B. V\u00e1lvulas y Controles C\u00eda. SpA","description":"Ingenieria - Montajes y Servicios Generales","publisher":{"@id":"https:\/\/hib.cl\/Inicio\/#\/schema\/person\/c78029f613d473dcc58bbb5b55598dd4"},"potentialAction":[{"@type":"SearchAction","target":{"@type":"EntryPoint","urlTemplate":"https:\/\/hib.cl\/Inicio\/?s={search_term_string}"},"query-input":{"@type":"PropertyValueSpecification","valueRequired":true,"valueName":"search_term_string"}}],"inLanguage":"es"},{"@type":["Person","Organization"],"@id":"https:\/\/hib.cl\/Inicio\/#\/schema\/person\/c78029f613d473dcc58bbb5b55598dd4","name":"hibcl2","image":{"@type":"ImageObject","inLanguage":"es","@id":"https:\/\/hib.cl\/Inicio\/#\/schema\/person\/image\/","url":"https:\/\/hib.cl\/Inicio\/wp-content\/uploads\/2023\/04\/log3.png","contentUrl":"https:\/\/hib.cl\/Inicio\/wp-content\/uploads\/2023\/04\/log3.png","width":400,"height":230,"caption":"hibcl2"},"logo":{"@id":"https:\/\/hib.cl\/Inicio\/#\/schema\/person\/image\/"},"sameAs":["https:\/\/hib.cl\/Inicio"]}]}},"_links":{"self":[{"href":"https:\/\/hib.cl\/Inicio\/wp-json\/wp\/v2\/pages\/58","targetHints":{"allow":["GET"]}}],"collection":[{"href":"https:\/\/hib.cl\/Inicio\/wp-json\/wp\/v2\/pages"}],"about":[{"href":"https:\/\/hib.cl\/Inicio\/wp-json\/wp\/v2\/types\/page"}],"author":[{"embeddable":true,"href":"https:\/\/hib.cl\/Inicio\/wp-json\/wp\/v2\/users\/1"}],"replies":[{"embeddable":true,"href":"https:\/\/hib.cl\/Inicio\/wp-json\/wp\/v2\/comments?post=58"}],"version-history":[{"count":2,"href":"https:\/\/hib.cl\/Inicio\/wp-json\/wp\/v2\/pages\/58\/revisions"}],"predecessor-version":[{"id":125,"href":"https:\/\/hib.cl\/Inicio\/wp-json\/wp\/v2\/pages\/58\/revisions\/125"}],"wp:featuredmedia":[{"embeddable":true,"href":"https:\/\/hib.cl\/Inicio\/wp-json\/wp\/v2\/media\/42"}],"wp:attachment":[{"href":"https:\/\/hib.cl\/Inicio\/wp-json\/wp\/v2\/media?parent=58"}],"curies":[{"name":"wp","href":"https:\/\/api.w.org\/{rel}","templated":true}]}}