{"id":54,"date":"2023-04-23T04:18:40","date_gmt":"2023-04-23T04:18:40","guid":{"rendered":"https:\/\/hib.cl\/Inicio\/?page_id=54"},"modified":"2023-04-24T16:21:54","modified_gmt":"2023-04-24T16:21:54","slug":"valvula-de-retencion","status":"publish","type":"page","link":"https:\/\/hib.cl\/Inicio\/valvula-de-retencion\/","title":{"rendered":"V\u00e1lvula de Retenci\u00f3n"},"content":{"rendered":"\n<p>La v\u00e1lvula de retenci\u00f3n tiene por \u00fanico objetivo el de impedir el retorno de la circulaci\u00f3n, pero, no debe confiarse que sean absolutamente herm\u00e9ticas. Se accionan autom\u00e1ticamente al cambio del sentido del fluido. La presi\u00f3n del flujo en el sentido normal, mantiene abierta la v\u00e1lvula. Los tipos de v\u00e1lvulas de retenci\u00f3n m\u00e1s comunes son: \u2022 Swing check<br>\u2022 Duo Check (dual check o doble chapaleta)<br>\u2022 Uni check<br>\u2022 Tilting check<br>\u2022 Ball check<br>\u2022 Piston check<\/p>\n\n\n<div class=\"wp-block-image\">\n<figure class=\"aligncenter size-full\"><img loading=\"lazy\" decoding=\"async\" width=\"265\" height=\"217\" src=\"https:\/\/hib.cl\/Inicio\/wp-content\/uploads\/2023\/04\/valvularetencion.jpg\" alt=\"\" class=\"wp-image-46\"\/><\/figure>\n<\/div>","protected":false},"excerpt":{"rendered":"<p>La v\u00e1lvula de retenci\u00f3n tiene por \u00fanico objetivo el de impedir el retorno de la circulaci\u00f3n, pero, no debe confiarse que sean absolutamente herm\u00e9ticas. Se accionan autom\u00e1ticamente al cambio del sentido del fluido. La presi\u00f3n del flujo en el sentido normal, mantiene abierta la v\u00e1lvula. Los tipos de v\u00e1lvulas de retenci\u00f3n m\u00e1s comunes son: \u2022 [&hellip;]<\/p>\n","protected":false},"author":1,"featured_media":46,"parent":0,"menu_order":0,"comment_status":"closed","ping_status":"closed","template":"","meta":{"footnotes":""},"class_list":["post-54","page","type-page","status-publish","has-post-thumbnail","hentry"],"yoast_head":"<!-- This site is optimized with the Yoast SEO plugin v23.4 - https:\/\/yoast.com\/wordpress\/plugins\/seo\/ -->\n<title>V\u00e1lvula de Retenci\u00f3n - HIB<\/title>\n<meta name=\"robots\" content=\"index, follow, max-snippet:-1, max-image-preview:large, max-video-preview:-1\" \/>\n<link rel=\"canonical\" href=\"https:\/\/hib.cl\/Inicio\/valvula-de-retencion\/\" \/>\n<meta property=\"og:locale\" content=\"es_ES\" \/>\n<meta property=\"og:type\" content=\"article\" \/>\n<meta property=\"og:title\" content=\"V\u00e1lvula de Retenci\u00f3n - HIB\" \/>\n<meta property=\"og:description\" content=\"La v\u00e1lvula de retenci\u00f3n tiene por \u00fanico objetivo el de impedir el retorno de la circulaci\u00f3n, pero, no debe confiarse que sean absolutamente herm\u00e9ticas. Se accionan autom\u00e1ticamente al cambio del sentido del fluido. La presi\u00f3n del flujo en el sentido normal, mantiene abierta la v\u00e1lvula. Los tipos de v\u00e1lvulas de retenci\u00f3n m\u00e1s comunes son: \u2022 [&hellip;]\" \/>\n<meta property=\"og:url\" content=\"https:\/\/hib.cl\/Inicio\/valvula-de-retencion\/\" \/>\n<meta property=\"og:site_name\" content=\"HIB\" \/>\n<meta property=\"article:modified_time\" content=\"2023-04-24T16:21:54+00:00\" \/>\n<meta property=\"og:image\" content=\"https:\/\/hib.cl\/Inicio\/wp-content\/uploads\/2023\/04\/valvularetencion.jpg\" \/>\n\t<meta property=\"og:image:width\" content=\"265\" \/>\n\t<meta property=\"og:image:height\" content=\"217\" \/>\n\t<meta property=\"og:image:type\" content=\"image\/jpeg\" \/>\n<meta name=\"twitter:card\" content=\"summary_large_image\" \/>\n<script type=\"application\/ld+json\" class=\"yoast-schema-graph\">{\"@context\":\"https:\/\/schema.org\",\"@graph\":[{\"@type\":\"WebPage\",\"@id\":\"https:\/\/hib.cl\/Inicio\/valvula-de-retencion\/\",\"url\":\"https:\/\/hib.cl\/Inicio\/valvula-de-retencion\/\",\"name\":\"V\u00e1lvula de Retenci\u00f3n - HIB\",\"isPartOf\":{\"@id\":\"https:\/\/hib.cl\/Inicio\/#website\"},\"primaryImageOfPage\":{\"@id\":\"https:\/\/hib.cl\/Inicio\/valvula-de-retencion\/#primaryimage\"},\"image\":{\"@id\":\"https:\/\/hib.cl\/Inicio\/valvula-de-retencion\/#primaryimage\"},\"thumbnailUrl\":\"https:\/\/hib.cl\/Inicio\/wp-content\/uploads\/2023\/04\/valvularetencion.jpg\",\"datePublished\":\"2023-04-23T04:18:40+00:00\",\"dateModified\":\"2023-04-24T16:21:54+00:00\",\"breadcrumb\":{\"@id\":\"https:\/\/hib.cl\/Inicio\/valvula-de-retencion\/#breadcrumb\"},\"inLanguage\":\"es\",\"potentialAction\":[{\"@type\":\"ReadAction\",\"target\":[\"https:\/\/hib.cl\/Inicio\/valvula-de-retencion\/\"]}]},{\"@type\":\"ImageObject\",\"inLanguage\":\"es\",\"@id\":\"https:\/\/hib.cl\/Inicio\/valvula-de-retencion\/#primaryimage\",\"url\":\"https:\/\/hib.cl\/Inicio\/wp-content\/uploads\/2023\/04\/valvularetencion.jpg\",\"contentUrl\":\"https:\/\/hib.cl\/Inicio\/wp-content\/uploads\/2023\/04\/valvularetencion.jpg\",\"width\":265,\"height\":217},{\"@type\":\"BreadcrumbList\",\"@id\":\"https:\/\/hib.cl\/Inicio\/valvula-de-retencion\/#breadcrumb\",\"itemListElement\":[{\"@type\":\"ListItem\",\"position\":1,\"name\":\"Portada\",\"item\":\"https:\/\/hib.cl\/Inicio\/\"},{\"@type\":\"ListItem\",\"position\":2,\"name\":\"V\u00e1lvula de Retenci\u00f3n\"}]},{\"@type\":\"WebSite\",\"@id\":\"https:\/\/hib.cl\/Inicio\/#website\",\"url\":\"https:\/\/hib.cl\/Inicio\/\",\"name\":\"H.I.B. V\u00e1lvulas y Controles C\u00eda. SpA\",\"description\":\"Ingenieria - Montajes y Servicios Generales\",\"publisher\":{\"@id\":\"https:\/\/hib.cl\/Inicio\/#\/schema\/person\/c78029f613d473dcc58bbb5b55598dd4\"},\"potentialAction\":[{\"@type\":\"SearchAction\",\"target\":{\"@type\":\"EntryPoint\",\"urlTemplate\":\"https:\/\/hib.cl\/Inicio\/?s={search_term_string}\"},\"query-input\":{\"@type\":\"PropertyValueSpecification\",\"valueRequired\":true,\"valueName\":\"search_term_string\"}}],\"inLanguage\":\"es\"},{\"@type\":[\"Person\",\"Organization\"],\"@id\":\"https:\/\/hib.cl\/Inicio\/#\/schema\/person\/c78029f613d473dcc58bbb5b55598dd4\",\"name\":\"hibcl2\",\"image\":{\"@type\":\"ImageObject\",\"inLanguage\":\"es\",\"@id\":\"https:\/\/hib.cl\/Inicio\/#\/schema\/person\/image\/\",\"url\":\"https:\/\/hib.cl\/Inicio\/wp-content\/uploads\/2023\/04\/log3.png\",\"contentUrl\":\"https:\/\/hib.cl\/Inicio\/wp-content\/uploads\/2023\/04\/log3.png\",\"width\":400,\"height\":230,\"caption\":\"hibcl2\"},\"logo\":{\"@id\":\"https:\/\/hib.cl\/Inicio\/#\/schema\/person\/image\/\"},\"sameAs\":[\"https:\/\/hib.cl\/Inicio\"]}]}<\/script>\n<!-- \/ Yoast SEO plugin. -->","yoast_head_json":{"title":"V\u00e1lvula de Retenci\u00f3n - HIB","robots":{"index":"index","follow":"follow","max-snippet":"max-snippet:-1","max-image-preview":"max-image-preview:large","max-video-preview":"max-video-preview:-1"},"canonical":"https:\/\/hib.cl\/Inicio\/valvula-de-retencion\/","og_locale":"es_ES","og_type":"article","og_title":"V\u00e1lvula de Retenci\u00f3n - HIB","og_description":"La v\u00e1lvula de retenci\u00f3n tiene por \u00fanico objetivo el de impedir el retorno de la circulaci\u00f3n, pero, no debe confiarse que sean absolutamente herm\u00e9ticas. Se accionan autom\u00e1ticamente al cambio del sentido del fluido. La presi\u00f3n del flujo en el sentido normal, mantiene abierta la v\u00e1lvula. Los tipos de v\u00e1lvulas de retenci\u00f3n m\u00e1s comunes son: \u2022 [&hellip;]","og_url":"https:\/\/hib.cl\/Inicio\/valvula-de-retencion\/","og_site_name":"HIB","article_modified_time":"2023-04-24T16:21:54+00:00","og_image":[{"width":265,"height":217,"url":"https:\/\/hib.cl\/Inicio\/wp-content\/uploads\/2023\/04\/valvularetencion.jpg","type":"image\/jpeg"}],"twitter_card":"summary_large_image","schema":{"@context":"https:\/\/schema.org","@graph":[{"@type":"WebPage","@id":"https:\/\/hib.cl\/Inicio\/valvula-de-retencion\/","url":"https:\/\/hib.cl\/Inicio\/valvula-de-retencion\/","name":"V\u00e1lvula de Retenci\u00f3n - HIB","isPartOf":{"@id":"https:\/\/hib.cl\/Inicio\/#website"},"primaryImageOfPage":{"@id":"https:\/\/hib.cl\/Inicio\/valvula-de-retencion\/#primaryimage"},"image":{"@id":"https:\/\/hib.cl\/Inicio\/valvula-de-retencion\/#primaryimage"},"thumbnailUrl":"https:\/\/hib.cl\/Inicio\/wp-content\/uploads\/2023\/04\/valvularetencion.jpg","datePublished":"2023-04-23T04:18:40+00:00","dateModified":"2023-04-24T16:21:54+00:00","breadcrumb":{"@id":"https:\/\/hib.cl\/Inicio\/valvula-de-retencion\/#breadcrumb"},"inLanguage":"es","potentialAction":[{"@type":"ReadAction","target":["https:\/\/hib.cl\/Inicio\/valvula-de-retencion\/"]}]},{"@type":"ImageObject","inLanguage":"es","@id":"https:\/\/hib.cl\/Inicio\/valvula-de-retencion\/#primaryimage","url":"https:\/\/hib.cl\/Inicio\/wp-content\/uploads\/2023\/04\/valvularetencion.jpg","contentUrl":"https:\/\/hib.cl\/Inicio\/wp-content\/uploads\/2023\/04\/valvularetencion.jpg","width":265,"height":217},{"@type":"BreadcrumbList","@id":"https:\/\/hib.cl\/Inicio\/valvula-de-retencion\/#breadcrumb","itemListElement":[{"@type":"ListItem","position":1,"name":"Portada","item":"https:\/\/hib.cl\/Inicio\/"},{"@type":"ListItem","position":2,"name":"V\u00e1lvula de Retenci\u00f3n"}]},{"@type":"WebSite","@id":"https:\/\/hib.cl\/Inicio\/#website","url":"https:\/\/hib.cl\/Inicio\/","name":"H.I.B. V\u00e1lvulas y Controles C\u00eda. SpA","description":"Ingenieria - Montajes y Servicios Generales","publisher":{"@id":"https:\/\/hib.cl\/Inicio\/#\/schema\/person\/c78029f613d473dcc58bbb5b55598dd4"},"potentialAction":[{"@type":"SearchAction","target":{"@type":"EntryPoint","urlTemplate":"https:\/\/hib.cl\/Inicio\/?s={search_term_string}"},"query-input":{"@type":"PropertyValueSpecification","valueRequired":true,"valueName":"search_term_string"}}],"inLanguage":"es"},{"@type":["Person","Organization"],"@id":"https:\/\/hib.cl\/Inicio\/#\/schema\/person\/c78029f613d473dcc58bbb5b55598dd4","name":"hibcl2","image":{"@type":"ImageObject","inLanguage":"es","@id":"https:\/\/hib.cl\/Inicio\/#\/schema\/person\/image\/","url":"https:\/\/hib.cl\/Inicio\/wp-content\/uploads\/2023\/04\/log3.png","contentUrl":"https:\/\/hib.cl\/Inicio\/wp-content\/uploads\/2023\/04\/log3.png","width":400,"height":230,"caption":"hibcl2"},"logo":{"@id":"https:\/\/hib.cl\/Inicio\/#\/schema\/person\/image\/"},"sameAs":["https:\/\/hib.cl\/Inicio"]}]}},"_links":{"self":[{"href":"https:\/\/hib.cl\/Inicio\/wp-json\/wp\/v2\/pages\/54","targetHints":{"allow":["GET"]}}],"collection":[{"href":"https:\/\/hib.cl\/Inicio\/wp-json\/wp\/v2\/pages"}],"about":[{"href":"https:\/\/hib.cl\/Inicio\/wp-json\/wp\/v2\/types\/page"}],"author":[{"embeddable":true,"href":"https:\/\/hib.cl\/Inicio\/wp-json\/wp\/v2\/users\/1"}],"replies":[{"embeddable":true,"href":"https:\/\/hib.cl\/Inicio\/wp-json\/wp\/v2\/comments?post=54"}],"version-history":[{"count":2,"href":"https:\/\/hib.cl\/Inicio\/wp-json\/wp\/v2\/pages\/54\/revisions"}],"predecessor-version":[{"id":126,"href":"https:\/\/hib.cl\/Inicio\/wp-json\/wp\/v2\/pages\/54\/revisions\/126"}],"wp:featuredmedia":[{"embeddable":true,"href":"https:\/\/hib.cl\/Inicio\/wp-json\/wp\/v2\/media\/46"}],"wp:attachment":[{"href":"https:\/\/hib.cl\/Inicio\/wp-json\/wp\/v2\/media?parent=54"}],"curies":[{"name":"wp","href":"https:\/\/api.w.org\/{rel}","templated":true}]}}